{"id":311,"date":"2016-10-18T07:49:30","date_gmt":"2016-10-18T06:49:30","guid":{"rendered":"http:\/\/centro.interamerican.hu\/?page_id=311"},"modified":"2018-01-15T17:22:31","modified_gmt":"2018-01-15T16:22:31","slug":"contact","status":"publish","type":"page","link":"http:\/\/centro.interamerican.hu\/en\/conferences\/2017-2\/contact\/","title":{"rendered":"Contact"},"content":{"rendered":"<p><img decoding=\"async\" class=\"aligncenter size-full wp-image-375\" src=\"http:\/\/centro.interamerican.hu\/wp-content\/uploads\/2016\/10\/app-header-bg.png\" alt=\"\" width=\"100%\" srcset=\"http:\/\/centro.interamerican.hu\/wp-content\/uploads\/2016\/10\/app-header-bg.png 1400w, http:\/\/centro.interamerican.hu\/wp-content\/uploads\/2016\/10\/app-header-bg-300x154.png 300w, http:\/\/centro.interamerican.hu\/wp-content\/uploads\/2016\/10\/app-header-bg-768x395.png 768w, http:\/\/centro.interamerican.hu\/wp-content\/uploads\/2016\/10\/app-header-bg-1024x527.png 1024w\" sizes=\"(max-width: 1400px) 100vw, 1400px\" \/><\/p>\n<div class=\"row \" ><nav class=\"cl-effect-10 btn-dignity-animated\"><a data-hover=\"CFP\" href=\"http:\/\/centro.interamerican.hu\/en\/conferences\/2017-2\/cfp\/\" class=\"\" ><span>CFP<\/span><\/a><\/nav><nav class=\"cl-effect-10 btn-dignity-animated\"><a data-hover=\"Registration\" href=\"http:\/\/centro.interamerican.hu\/en\/conferences\/2017-2\/registration\/\" class=\"\" ><span>Registration<\/span><\/a><\/nav><nav class=\"cl-effect-10 btn-dignity-animated\"><a data-hover=\"Program\" href=\"http:\/\/centro.interamerican.hu\/en\/conferences\/2017-2\/program\/\" class=\"\" ><span>Program<\/span><\/a><\/nav><nav class=\"cl-effect-10 btn-dignity-animated\"><a data-hover=\"Travel &amp; Accommodation\" href=\"http:\/\/centro.interamerican.hu\/en\/conferences\/2017-2\/travel-accommodation\/\" class=\"\" ><span>Travel &amp; Accommodation<\/span><\/a><\/nav><nav class=\"cl-effect-10 btn-dignity-animated\"><a data-hover=\"Contact\" href=\"http:\/\/centro.interamerican.hu\/en\/conferences\/2017-2\/contact\/\" class=\"\" ><span>Contact<\/span><\/a><\/nav><nav class=\"cl-effect-10 btn-dignity-animated\"><a data-hover=\"Publication\" href=\"http:\/\/centro.interamerican.hu\/en\/conferences\/2017-2\/publication\/\" class=\"\" ><span>Publication<\/span><\/a><\/nav><\/div>\n<h1 class=\"main-heading  \" ><span style=\"color: #000000;\">Contact<\/span><\/h1>\n          <div class=\"liner\"><span><\/span><\/div>\n<p>In matters other than registration, abstract submission and information provided on the conference website please contact the organizing team at:<a href=\"mailto:intam.szeged@gmail.com\">intam.szeged@gmail.com<\/a>. Also, feel free to contact members of the organizing team, <strong>Dr. Eszter <\/strong><strong>Katona<\/strong> (Spanish; e-mail: <a href=\"mailto:katonaeszter@gmail.com\">katonaeszter@gmail.com<\/a>),<strong>Dr. Katalin Jancs\u00f3<\/strong> (English and Spanish; e-mail: <a href=\"mailto:jkattinka@gmail.com\">jkattinka@gmail.com<\/a>) \u00e9s <strong>Dr. Andrea K\u00f6k\u00e9ny<\/strong> (English: e-mail: <a href=\"mailto:akokeny23@gmail.com\">akokeny23@gmail.com<\/a>)<\/p>\n","protected":false},"excerpt":{"rendered":"<p>In matters other than registration, abstract submission and information provided on the conference website please contact the organizing team at:intam.szeged@gmail.com. Also, feel free to contact members of the organizing team, Dr. Eszter Katona (Spanish; e-mail: katonaeszter@gmail.com),Dr. Katalin Jancs\u00f3 (English and Spanish; e-mail: jkattinka@gmail.com) \u00e9s Dr. Andrea K\u00f6k\u00e9ny (English: e-mail: akokeny23@gmail.com)<\/p>\n","protected":false},"author":1,"featured_media":0,"parent":288,"menu_order":0,"comment_status":"closed","ping_status":"closed","template":"","meta":{"footnotes":""},"class_list":["post-311","page","type-page","status-publish","hentry"],"_links":{"self":[{"href":"http:\/\/centro.interamerican.hu\/en\/wp-json\/wp\/v2\/pages\/311","targetHints":{"allow":["GET"]}}],"collection":[{"href":"http:\/\/centro.interamerican.hu\/en\/wp-json\/wp\/v2\/pages"}],"about":[{"href":"http:\/\/centro.interamerican.hu\/en\/wp-json\/wp\/v2\/types\/page"}],"author":[{"embeddable":true,"href":"http:\/\/centro.interamerican.hu\/en\/wp-json\/wp\/v2\/users\/1"}],"replies":[{"embeddable":true,"href":"http:\/\/centro.interamerican.hu\/en\/wp-json\/wp\/v2\/comments?post=311"}],"version-history":[{"count":11,"href":"http:\/\/centro.interamerican.hu\/en\/wp-json\/wp\/v2\/pages\/311\/revisions"}],"predecessor-version":[{"id":433,"href":"http:\/\/centro.interamerican.hu\/en\/wp-json\/wp\/v2\/pages\/311\/revisions\/433"}],"up":[{"embeddable":true,"href":"http:\/\/centro.interamerican.hu\/en\/wp-json\/wp\/v2\/pages\/288"}],"wp:attachment":[{"href":"http:\/\/centro.interamerican.hu\/en\/wp-json\/wp\/v2\/media?parent=311"}],"curies":[{"name":"wp","href":"https:\/\/api.w.org\/{rel}","templated":true}]}}