{"id":327,"date":"2017-01-06T19:17:21","date_gmt":"2017-01-06T18:17:21","guid":{"rendered":"http:\/\/centro.interamerican.hu\/?page_id=327"},"modified":"2018-01-15T17:23:25","modified_gmt":"2018-01-15T16:23:25","slug":"travel-accommodation","status":"publish","type":"page","link":"http:\/\/centro.interamerican.hu\/en\/conferences\/2017-2\/travel-accommodation\/","title":{"rendered":"Travel &#038; Accommodation"},"content":{"rendered":"<p><img decoding=\"async\" src=\"http:\/\/centro.interamerican.hu\/wp-content\/uploads\/2016\/10\/app-header-bg.png\" alt=\"\" width=\"100%\" class=\"aligncenter size-full wp-image-375\" srcset=\"http:\/\/centro.interamerican.hu\/wp-content\/uploads\/2016\/10\/app-header-bg.png 1400w, http:\/\/centro.interamerican.hu\/wp-content\/uploads\/2016\/10\/app-header-bg-300x154.png 300w, http:\/\/centro.interamerican.hu\/wp-content\/uploads\/2016\/10\/app-header-bg-768x395.png 768w, http:\/\/centro.interamerican.hu\/wp-content\/uploads\/2016\/10\/app-header-bg-1024x527.png 1024w\" sizes=\"(max-width: 1400px) 100vw, 1400px\" \/><\/p>\n<div class=\"row \" ><nav class=\"cl-effect-10 btn-dignity-animated\"><a data-hover=\"CFP\" href=\"http:\/\/centro.interamerican.hu\/en\/conferences\/2017-2\/cfp\/\" class=\"\" ><span>CFP<\/span><\/a><\/nav><nav class=\"cl-effect-10 btn-dignity-animated\"><a data-hover=\"Registration\" href=\"http:\/\/centro.interamerican.hu\/en\/conferences\/2017-2\/registration\/\" class=\"\" ><span>Registration<\/span><\/a><\/nav><nav class=\"cl-effect-10 btn-dignity-animated\"><a data-hover=\"Program\" href=\"http:\/\/centro.interamerican.hu\/en\/conferences\/2017-2\/program\/\" class=\"\" ><span>Program<\/span><\/a><\/nav><nav class=\"cl-effect-10 btn-dignity-animated\"><a data-hover=\"Travel &amp; Accommodation\" href=\"http:\/\/centro.interamerican.hu\/en\/conferences\/2017-2\/travel-accommodation\/\" class=\"\" ><span>Travel &amp; Accommodation<\/span><\/a><\/nav><nav class=\"cl-effect-10 btn-dignity-animated\"><a data-hover=\"Contact\" href=\"http:\/\/centro.interamerican.hu\/en\/conferences\/2017-2\/contact\/\" class=\"\" ><span>Contact<\/span><\/a><\/nav><nav class=\"cl-effect-10 btn-dignity-animated\"><a data-hover=\"Publication\" href=\"http:\/\/centro.interamerican.hu\/en\/conferences\/2017-2\/publication\/\" class=\"\" ><span>Publication<\/span><\/a><\/nav><\/div>\n<h1 class=\"main-heading  \" ><span style=\"color: #000000;\">Travel &#038; Accommodation<\/span><\/h1>\n          <div class=\"liner\"><span><\/span><\/div>\n<p>TRAVELING TO HUNGARY<br \/>\nThe most accessible airport with the highest number of flights is Budapest Liszt Ferenc Nemzetk\u00f6zi Rep\u00fcl\u0151t\u00e9r (http:\/\/www.bud.hu\/english)<\/p>\n<p>TRAVELING TO SZEGED<br \/>\nSzeged is about 2.5 hours from Budapest by train. There are trains from Budapest to Szeged every hour between 6 am and 9 pm. Trains depart from Nyugati station.<br \/>\nPrice of round trip ticket: 8.500 Ft (27 EUR)<br \/>\nMore information on train schedule: https:\/\/www.mavcsoport.hu\/en<br \/>\nYou can take the train at Ferihegy station too. In this case at the airport you have to take the bus \u2116. 200E which stops at this train station (about 5-10 minutes journey). More information: <a href=\"http:\/\/www.bud.hu\/english\/passengers\/access_and_parking\/by_train\">http:\/\/www.bud.hu\/english\/passengers\/access_and_parking\/by_train<\/a><\/p>\n<p>STAYING IN SZEGED<br \/>\nAll hotels and hostels are located in the city center, near the University of Szeged.<\/p>\n<p><em>Hotels:<\/em><br \/>\n<a href=\"http:\/\/www.arthotelszeged.hu\/en\/\">Art Hotel<\/a> (****)<br \/>\n<a href=\"http:\/\/www.domhotelszeged.info\/eng\/\">D\u00f3m Hotel<\/a> (****)<br \/>\n<a href=\"http:\/\/sciencehotel.hu\/hu\/\">Science Hotel<\/a> (****)<br \/>\n<a href=\"http:\/\/hotelsoleil.hu\/en\/\">Hotel Soleil<\/a> (****)<br \/>\n<a href=\"http:\/\/www.mozarthotel.hu\/en\">Mozart Hotel <\/a>(****)<br \/>\n<a href=\"http:\/\/www.novotel.com\/gb\/hotel-2996-novotel-szeged\/index.shtml\">Novotel Hotel<\/a> (****)<br \/>\n<a href=\"http:\/\/tiszaviragszeged.hu\/en\/\">Tiszavir\u00e1g Hotel<\/a> (****)<br \/>\n<a href=\"http:\/\/www.hotelbella.hu\/index.php?lang=en&amp;action=1\">Hotel Bella<\/a> (***)<br \/>\n<a href=\"http:\/\/www.cityhotelszeged.hu\/en\/\">City Hotel<\/a> (***)<br \/>\n<a href=\"http:\/\/www.tiszahotel.hu\/?lang=en\">Tisza Hotel<\/a> (***)<br \/>\n<a href=\"http:\/\/www.hotelkoronaszeged.hu\/?q=en\/node\/87\">Korona Hotel<\/a> (**) <\/p>\n<p><em>PENSIONS<\/em><br \/>\n<a href=\"http:\/\/www.familiapanzio.hu\/en\/introduction\">Fam\u00edlia Vend\u00e9gh\u00e1z<\/a><br \/>\n<a href=\"http:\/\/www.mosolyapartman.hu\/\">Mosoly Apartman<\/a><br \/>\n<a href=\"http:\/\/www.szegediapartman.hu\/en\/\">BL Luxus Apartmanh\u00e1z<\/a><br \/>\n<a href=\"http:\/\/www.katapanzio.hu\/index_eng.php\">Kata Panzi\u00f3<\/a><br \/>\n<a href=\"http:\/\/szegedtourism.szegedvaros.hu\/en\/edit-guesthouse\/\">Edit guesthouse<\/a><\/p>\n<p>BATH &#038; SPA<\/p>\n<p>Napf\u00e9nyf\u00fcrd\u0151 Aquapolis &#8211; <a href=\"http:\/\/www.napfenyfurdoaquapolis.com\/en\/home\/\">http:\/\/www.napfenyfurdoaquapolis.com\/en\/home\/<\/a><br \/>\nAnna Thermal Bath &#8211; <a href=\"http:\/\/www.datekla.eu\/index.php?cid=1041&#038;id=32&#038;ln=en\">http:\/\/www.datekla.eu\/index.php?cid=1041&#038;id=32&#038;ln=en<\/a><\/p>\n<p>&nbsp;<\/p>\n<p>TOURIST INFORMATION<br \/>\n<a href=\"http:\/\/szegedtourism.szegedvaros.hu\/en\/home\/\">http:\/\/szegedtourism.szegedvaros.hu\/en\/home\/<\/a><br \/>\n<a href=\"http:\/\/gotohungary.com\/day-trip-ideas\/-\/article\/szeged\">http:\/\/gotohungary.com\/day-trip-ideas\/-\/article\/szeged<\/a><br \/>\n<a href=\"https:\/\/www.tripadvisor.es\/Tourism-g274912-Szeged_Csongrad_County_Southern_Great_Plain-Vacations.html%20\">https:\/\/www.tripadvisor.es\/Tourism-g274912-Szeged_Csongrad_County_Southern_Great_Plain-Vacations.html <\/a><br \/>\n<a href=\"https:\/\/www.tripadvisor.com\/Attractions-g274912-Activities-Szeged_Csongrad_County_Southern_Great_Plain.html\">https:\/\/www.tripadvisor.com\/Attractions-g274912-Activities-Szeged_Csongrad_County_Southern_Great_Plain.html<\/a><br \/>\n<a href=\"http:\/\/gotohungary.com\/\">http:\/\/gotohungary.com\/<\/a><\/p>\n<p>UNIVERSITY OF SZEGED<br \/>\n<a href=\"http:\/\/www.u-szeged.hu\/english\/\">http:\/\/www.u-szeged.hu\/english\/<\/a><\/p>\n","protected":false},"excerpt":{"rendered":"<p>TRAVELING TO HUNGARY The most accessible airport with the highest number of flights is Budapest Liszt Ferenc Nemzetk\u00f6zi Rep\u00fcl\u0151t\u00e9r (http:\/\/www.bud.hu\/english) TRAVELING TO SZEGED Szeged is about 2.5 hours from Budapest by train. There are trains from Budapest to Szeged every hour between 6 am and 9 pm. Trains depart from Nyugati station. Price of round [&hellip;]<\/p>\n","protected":false},"author":1,"featured_media":0,"parent":288,"menu_order":0,"comment_status":"closed","ping_status":"closed","template":"","meta":{"footnotes":""},"class_list":["post-327","page","type-page","status-publish","hentry"],"_links":{"self":[{"href":"http:\/\/centro.interamerican.hu\/en\/wp-json\/wp\/v2\/pages\/327","targetHints":{"allow":["GET"]}}],"collection":[{"href":"http:\/\/centro.interamerican.hu\/en\/wp-json\/wp\/v2\/pages"}],"about":[{"href":"http:\/\/centro.interamerican.hu\/en\/wp-json\/wp\/v2\/types\/page"}],"author":[{"embeddable":true,"href":"http:\/\/centro.interamerican.hu\/en\/wp-json\/wp\/v2\/users\/1"}],"replies":[{"embeddable":true,"href":"http:\/\/centro.interamerican.hu\/en\/wp-json\/wp\/v2\/comments?post=327"}],"version-history":[{"count":12,"href":"http:\/\/centro.interamerican.hu\/en\/wp-json\/wp\/v2\/pages\/327\/revisions"}],"predecessor-version":[{"id":436,"href":"http:\/\/centro.interamerican.hu\/en\/wp-json\/wp\/v2\/pages\/327\/revisions\/436"}],"up":[{"embeddable":true,"href":"http:\/\/centro.interamerican.hu\/en\/wp-json\/wp\/v2\/pages\/288"}],"wp:attachment":[{"href":"http:\/\/centro.interamerican.hu\/en\/wp-json\/wp\/v2\/media?parent=327"}],"curies":[{"name":"wp","href":"https:\/\/api.w.org\/{rel}","templated":true}]}}