{"id":327,"date":"2017-01-06T19:17:21","date_gmt":"2017-01-06T18:17:21","guid":{"rendered":"http:\/\/centro.interamerican.hu\/?page_id=327"},"modified":"2018-01-15T17:23:25","modified_gmt":"2018-01-15T16:23:25","slug":"travel-accommodation","status":"publish","type":"page","link":"http:\/\/centro.interamerican.hu\/es\/conferences\/2017-2\/travel-accommodation\/","title":{"rendered":"Informaciones \u00datiles y Recomendaciones"},"content":{"rendered":"<p><img decoding=\"async\" src=\"http:\/\/centro.interamerican.hu\/wp-content\/uploads\/2016\/10\/app-header-bg.png\" alt=\"\" width=\"100%\" class=\"aligncenter size-full wp-image-375\" srcset=\"http:\/\/centro.interamerican.hu\/wp-content\/uploads\/2016\/10\/app-header-bg.png 1400w, http:\/\/centro.interamerican.hu\/wp-content\/uploads\/2016\/10\/app-header-bg-300x154.png 300w, http:\/\/centro.interamerican.hu\/wp-content\/uploads\/2016\/10\/app-header-bg-768x395.png 768w, http:\/\/centro.interamerican.hu\/wp-content\/uploads\/2016\/10\/app-header-bg-1024x527.png 1024w\" sizes=\"(max-width: 1400px) 100vw, 1400px\" \/><\/p>\n<div class=\"row \" ><nav class=\"cl-effect-10 btn-dignity-animated\"><a data-hover=\"CFP\" href=\"http:\/\/centro.interamerican.hu\/es\/conferences\/2017-2\/cfp\/\" class=\"\" ><span>CFP<\/span><\/a><\/nav><nav class=\"cl-effect-10 btn-dignity-animated\"><a data-hover=\"Inscripci\u00f3n\" href=\"http:\/\/centro.interamerican.hu\/es\/conferences\/2017-2\/registration\/\" class=\"\" ><span>Inscripci\u00f3n<\/span><\/a><\/nav><nav class=\"cl-effect-10 btn-dignity-animated\"><a data-hover=\"Programa\" href=\"http:\/\/centro.interamerican.hu\/es\/conferences\/2017-2\/program\/\" class=\"\" ><span>Programa<\/span><\/a><\/nav><nav class=\"cl-effect-10 btn-dignity-animated\"><a data-hover=\"Informaciones \u00datiles y Recomendaciones\" href=\"http:\/\/centro.interamerican.hu\/es\/conferences\/2017-2\/travel-accommodation\/\" class=\"\" ><span>Informaciones \u00datiles y Recomendaciones<\/span><\/a><\/nav><nav class=\"cl-effect-10 btn-dignity-animated\"><a data-hover=\"Contacto\" href=\"http:\/\/centro.interamerican.hu\/es\/conferences\/2017-2\/contact\/\" class=\"\" ><span>Contacto<\/span><\/a><\/nav><nav class=\"cl-effect-10 btn-dignity-animated\"><a data-hover=\"Publicaci\u00f3n\" href=\"http:\/\/centro.interamerican.hu\/es\/conferences\/2017-2\/publication\/\" class=\"\" ><span>Publicati\u00f3n<\/span><\/a><\/nav><\/div>\n<h1 class=\"main-heading  \" ><span style=\"color: #000000;\">Informaciones \u00datiles y Recomendaciones<\/span><\/h1>\n          <div class=\"liner\"><span><\/span><\/div>\n<p>LLEGAR A HUNGR\u00cdA<br \/>\nEl aeropuerto m\u00e1s accesible y con mayor n\u00famero de vuelos es el de Budapest Liszt Ferenc Nemzetk\u00f6zi Rep\u00fcl\u0151t\u00e9r (http:\/\/www.bud.hu\/english)<\/p>\n<p>LLEGAR A SZEGED<br \/>\nSzeged est\u00e1 a unas 2,5 horas de Budapest en tren. Hay trenes de Budapest a Szeged cada hora entre las 6.00 y las 21.00. Los trenes salen de la estaci\u00f3n Nyugati.<br \/>\nEl precio del billete de ida y vuelta: 8.500 Ft (27 EUR)<br \/>\nM\u00e1s informaci\u00f3n sobre el horario de los trenes en: https:\/\/www.mavcsoport.hu\/en<br \/>\nSe puede tomar el tren en la estaci\u00f3n de Ferihegy tambi\u00e9n. En este caso en el aeropuerto hay que tomar el autob\u00fas\u00a0 \u2116. 200E que tiene parada en esta estaci\u00f3n de tren (unos 5-10 minutos de viaje). M\u00e1s informaci\u00f3n en: http:\/\/www.bud.hu\/english\/passengers\/access_and_parking\/by_train<\/p>\n<p>ALOJAMIENTO EN SZEGED<br \/>\nTodos los hoteles y hostales se encuentran en el centro de la ciudad, cerca de la Universidad de Szeged<\/p>\n<p><em>Hoteles:<\/em><br \/>\n<a href=\"http:\/\/www.arthotelszeged.hu\/en\/\">Art Hotel<\/a> (****)<br \/>\n<a href=\"http:\/\/www.domhotelszeged.info\/eng\/\">D\u00f3m Hotel<\/a> (****)<br \/>\n<a href=\"http:\/\/sciencehotel.hu\/hu\/\">Science Hotel<\/a> (****)<br \/>\n<a href=\"http:\/\/hotelsoleil.hu\/en\/\">Hotel Soleil<\/a> (****)<br \/>\n<a href=\"http:\/\/www.mozarthotel.hu\/en\">Mozart Hotel <\/a>(****)<br \/>\n<a href=\"http:\/\/www.novotel.com\/gb\/hotel-2996-novotel-szeged\/index.shtml\">Novotel Hotel<\/a> (****)<br \/>\n<a href=\"http:\/\/tiszaviragszeged.hu\/en\/\">Tiszavir\u00e1g Hotel<\/a> (****)<br \/>\n<a href=\"http:\/\/www.hotelbella.hu\/index.php?lang=en&amp;action=1\">Hotel Bella<\/a> (***)<br \/>\n<a href=\"http:\/\/www.cityhotelszeged.hu\/en\/\">City Hotel<\/a> (***)<br \/>\n<a href=\"http:\/\/www.tiszahotel.hu\/?lang=en\">Tisza Hotel<\/a> (***)<br \/>\n<a href=\"http:\/\/www.hotelkoronaszeged.hu\/?q=en\/node\/87\">Korona Hotel<\/a> (**) <\/p>\n<p><em>Hostales:<\/em><br \/>\n<a href=\"http:\/\/www.familiapanzio.hu\/en\/introduction\">Fam\u00edlia Vend\u00e9gh\u00e1z<\/a><br \/>\n<a href=\"http:\/\/www.mosolyapartman.hu\/\">Mosoly Apartman<\/a><br \/>\n<a href=\"http:\/\/www.szegediapartman.hu\/en\/\">BL Luxus Apartmanh\u00e1z<\/a><br \/>\n<a href=\"http:\/\/www.katapanzio.hu\/index_eng.php\">Kata Panzi\u00f3<\/a><br \/>\n<a href=\"http:\/\/szegedtourism.szegedvaros.hu\/en\/edit-guesthouse\/\">Edit guesthouse<\/a><\/p>\n<p>BALNEARIOS Y SPA<\/p>\n<p>Napf\u00e9nyf\u00fcrd\u0151 Aquapolis &#8211; <a href=\"http:\/\/www.napfenyfurdoaquapolis.com\/en\/home\/\">http:\/\/www.napfenyfurdoaquapolis.com\/en\/home\/<\/a><br \/>\nBalneario Anna &#8211; <a href=\"http:\/\/www.datekla.eu\/index.php?cid=1041&#038;id=32&#038;ln=en\">http:\/\/www.datekla.eu\/index.php?cid=1041&#038;id=32&#038;ln=en<\/a><\/p>\n<p>&nbsp;<\/p>\n<p>INFORMACI\u00d3N TUR\u00cdSTICA<br \/>\n<a href=\"http:\/\/szegedtourism.szegedvaros.hu\/en\/home\/\">http:\/\/szegedtourism.szegedvaros.hu\/en\/home\/<\/a><\/p>\n<p><a href=\"http:\/\/gotohungary.com\/day-trip-ideas\/-\/article\/szeged\">http:\/\/gotohungary.com\/day-trip-ideas\/-\/article\/szeged<\/a><\/p>\n<p><a href=\"https:\/\/www.tripadvisor.es\/Tourism-g274912-Szeged_Csongrad_County_Southern_Great_Plain-Vacations.html%20\">https:\/\/www.tripadvisor.es\/Tourism-g274912-Szeged_Csongrad_County_Southern_Great_Plain-Vacations.html <\/a><\/p>\n<p><a href=\"https:\/\/www.tripadvisor.com\/Attractions-g274912-Activities-Szeged_Csongrad_County_Southern_Great_Plain.html\">https:\/\/www.tripadvisor.com\/Attractions-g274912-Activities-Szeged_Csongrad_County_Southern_Great_Plain.html<\/a><\/p>\n<p><a href=\"http:\/\/es.gotohungary.com\/\">http:\/\/es.gotohungary.com\/<\/a><\/p>\n<p>UNIVERSIDAD DE SZEGED<br \/>\n<a href=\"http:\/\/www.u-szeged.hu\/english\/\">http:\/\/www.u-szeged.hu\/english\/<\/a><\/p>\n","protected":false},"excerpt":{"rendered":"<p>LLEGAR A HUNGR\u00cdA El aeropuerto m\u00e1s accesible y con mayor n\u00famero de vuelos es el de Budapest Liszt Ferenc Nemzetk\u00f6zi Rep\u00fcl\u0151t\u00e9r (http:\/\/www.bud.hu\/english) LLEGAR A SZEGED Szeged est\u00e1 a unas 2,5 horas de Budapest en tren. Hay trenes de Budapest a Szeged cada hora entre las 6.00 y las 21.00. Los trenes salen de la estaci\u00f3n [&hellip;]<\/p>\n","protected":false},"author":1,"featured_media":0,"parent":288,"menu_order":0,"comment_status":"closed","ping_status":"closed","template":"","meta":{"footnotes":""},"class_list":["post-327","page","type-page","status-publish","hentry"],"_links":{"self":[{"href":"http:\/\/centro.interamerican.hu\/es\/wp-json\/wp\/v2\/pages\/327","targetHints":{"allow":["GET"]}}],"collection":[{"href":"http:\/\/centro.interamerican.hu\/es\/wp-json\/wp\/v2\/pages"}],"about":[{"href":"http:\/\/centro.interamerican.hu\/es\/wp-json\/wp\/v2\/types\/page"}],"author":[{"embeddable":true,"href":"http:\/\/centro.interamerican.hu\/es\/wp-json\/wp\/v2\/users\/1"}],"replies":[{"embeddable":true,"href":"http:\/\/centro.interamerican.hu\/es\/wp-json\/wp\/v2\/comments?post=327"}],"version-history":[{"count":12,"href":"http:\/\/centro.interamerican.hu\/es\/wp-json\/wp\/v2\/pages\/327\/revisions"}],"predecessor-version":[{"id":436,"href":"http:\/\/centro.interamerican.hu\/es\/wp-json\/wp\/v2\/pages\/327\/revisions\/436"}],"up":[{"embeddable":true,"href":"http:\/\/centro.interamerican.hu\/es\/wp-json\/wp\/v2\/pages\/288"}],"wp:attachment":[{"href":"http:\/\/centro.interamerican.hu\/es\/wp-json\/wp\/v2\/media?parent=327"}],"curies":[{"name":"wp","href":"https:\/\/api.w.org\/{rel}","templated":true}]}}