{"id":48,"date":"2014-01-03T08:50:54","date_gmt":"2014-01-03T08:50:54","guid":{"rendered":"http:\/\/designova.net\/themes\/wordpress\/dignity\/home_style_01\/?page_id=48"},"modified":"2025-07-09T21:27:14","modified_gmt":"2025-07-09T20:27:14","slug":"researchers","status":"publish","type":"page","link":"https:\/\/centro.interamerican.hu\/en\/researchers\/","title":{"rendered":"Researchers"},"content":{"rendered":"<p>&nbsp;<\/p>\n<div class=\"layout-column col-md-6 dignity-page-section page-section\" ><div class=\"clearfix\"><\/div>\n          <section class=\"inner-section clearfix \" ><div class=\"container\"><\/p>\n<p><h1 class=\"main-heading  \" ><span style=\"color: #000000;\">Researchers<\/span><\/h1>\n          <div class=\"liner\"><span><\/span><\/div><\/p>\n<p><h3 class=\" \" >Department of American Studies<\/h3><\/p>\n<p><a href=\"http:\/\/amerikanisztika.ieas-szeged.hu\/faculty\/\" target=\"_blank\" rel=\"noopener noreferrer\">Link to the Department Faculty page \u00bb<\/a><\/p>\n<ul>\n<li>Ir\u00e9n Annus, Associate Professor <a href=\"https:\/\/orcid.org\/0000-0001-9371-3963\">https:\/\/orcid.org\/0000-0001-9371-3963<\/a><\/li>\n<li>R\u00e9ka M. Cristian, Associate Professor <a href=\"https:\/\/orcid.org\/0000-0003-4990-1152\">https:\/\/orcid.org\/0000-0003-4990-1152<\/a><\/li>\n<li>Zolt\u00e1n Dragon, Associate Professor https:\/\/orcid.org\/0000-0003-4402-8198<\/li>\n<li>\u00c1gnes Zs\u00f3fia Kov\u00e1cs, Associate Professor &#8211; Head of the Research Center for Inter-American Studies <a href=\"https:\/\/orcid.org\/0000-0002-6259-142X\">https:\/\/orcid.org\/0000-0002-6259-142X<\/a><\/li>\n<li>Zs\u00f3fia Anna T\u00f3th, Assistant Professor <a href=\"https:\/\/orcid.org\/0000-0002-6258-6081\">https:\/\/orcid.org\/0000-0002-6258-6081<\/a><\/li>\n<li>Zolt\u00e1n Vajda, Associate Professor<\/li>\n<\/ul>\n<p><h3 class=\" \" >Department of Hispanic Studies<\/h3><\/p>\n<p><a href=\"http:\/\/www.hispanisztikaszeged.hu\/\" target=\"_blank\" rel=\"noopener noreferrer\">Link to the Department page \u00bb<\/a><\/p>\n<ul>\n<li>Zsuzsanna Csik\u00f3s, Associate Professor <a href=\"https:\/\/orcid.org\/0000-0001-7286-0673\">https:\/\/orcid.org\/0000-0001-7286-0673<\/a><\/li>\n<li>Tibor Berta, Associate Professor <a href=\"https:\/\/orcid.org\/0000-0002-7299-939X\">https:\/\/orcid.org\/0000-0002-7299-939X<\/a><\/li>\n<li>Katalin Jancs\u00f3, Associate Professor &#8211; Head of the Research Center for Inter-American Studies\u00a0 <a href=\"https:\/\/orcid.org\/0000-0001-9160-0420\">https:\/\/orcid.org\/0000-0001-9160-0420<\/a><\/li>\n<li>Eszter Katona, Associate Professor <a href=\"https:\/\/orcid.org\/0000-0002-0303-6223\">https:\/\/orcid.org\/0000-0002-0303-6223<\/a><\/li>\n<li>Andr\u00e1s L\u00e9n\u00e1rt, Associate Professor <a href=\"https:\/\/orcid.org\/0000-0002-6028-5410\">https:\/\/orcid.org\/0000-0002-6028-5410<\/a><\/li>\n<li>Veronika Praefort, Language teacher<\/li>\n<\/ul>\n<p><h3 class=\" \" >Department of English Studies<\/h3><\/p>\n<p><a href=\"http:\/\/szeged-english.hu\/\" target=\"_blank\" rel=\"noopener noreferrer\">Link to the Department page \u00bb<\/a><\/p>\n<ul>\n<li>Olga Kajt\u00e1r-Pinjung, Assistant Professor <a href=\"https:\/\/orcid.org\/0009-0009-6172-8912\">https:\/\/orcid.org\/0009-0009-6172-8912<\/a><\/li>\n<li>L\u00edvia Sz\u00e9lp\u00e1l, Senior Assistant Professor <a href=\"https:\/\/orcid.org\/0009-0001-8194-6118\">https:\/\/orcid.org\/0009-0001-8194-6118<\/a><\/li>\n<\/ul>\n<p><h3 class=\" \" >Department of Modern History and Mediterranean Studies<\/h3><\/p>\n<p><a href=\"http:\/\/www.ujkortortenet.hu\/index.php\" target=\"_blank\" rel=\"noopener noreferrer\">Link to the Department page \u00bb<\/a><\/p>\n<ul>\n<li>Andrea K\u00f6k\u00e9ny, Senior Assistant Professor <a href=\"https:\/\/orcid.org\/0000-0003-3301-126X\">https:\/\/orcid.org\/0000-0003-3301-126X<\/a><\/li>\n<\/ul>\n<p><\/div><\/section>\n          <div class=\"clearfix\"><\/div><\/div>\n","protected":false},"excerpt":{"rendered":"<p>&nbsp;<\/p>\n","protected":false},"author":1,"featured_media":0,"parent":0,"menu_order":4,"comment_status":"closed","ping_status":"closed","template":"","meta":{"footnotes":""},"class_list":["post-48","page","type-page","status-publish","hentry"],"_links":{"self":[{"href":"https:\/\/centro.interamerican.hu\/en\/wp-json\/wp\/v2\/pages\/48","targetHints":{"allow":["GET"]}}],"collection":[{"href":"https:\/\/centro.interamerican.hu\/en\/wp-json\/wp\/v2\/pages"}],"about":[{"href":"https:\/\/centro.interamerican.hu\/en\/wp-json\/wp\/v2\/types\/page"}],"author":[{"embeddable":true,"href":"https:\/\/centro.interamerican.hu\/en\/wp-json\/wp\/v2\/users\/1"}],"replies":[{"embeddable":true,"href":"https:\/\/centro.interamerican.hu\/en\/wp-json\/wp\/v2\/comments?post=48"}],"version-history":[{"count":23,"href":"https:\/\/centro.interamerican.hu\/en\/wp-json\/wp\/v2\/pages\/48\/revisions"}],"predecessor-version":[{"id":528,"href":"https:\/\/centro.interamerican.hu\/en\/wp-json\/wp\/v2\/pages\/48\/revisions\/528"}],"wp:attachment":[{"href":"https:\/\/centro.interamerican.hu\/en\/wp-json\/wp\/v2\/media?parent=48"}],"curies":[{"name":"wp","href":"https:\/\/api.w.org\/{rel}","templated":true}]}}